{"id":2220,"date":"2021-12-23T12:14:58","date_gmt":"2021-12-23T11:14:58","guid":{"rendered":"https:\/\/demosites.royal-elementor-addons.com\/nature-v1\/?page_id=140"},"modified":"2025-03-08T10:45:37","modified_gmt":"2025-03-08T09:45:37","slug":"about-us","status":"publish","type":"page","link":"https:\/\/welldhome.fr\/?page_id=2220","title":{"rendered":"About Us"},"content":{"rendered":"\t\t<div data-elementor-type=\"wp-page\" data-elementor-id=\"2220\" class=\"elementor elementor-2220\">\n\t\t\t\t<div class=\"elementor-element elementor-element-b8ab944 e-flex e-con-boxed wpr-particle-no wpr-jarallax-no wpr-parallax-no wpr-sticky-section-no e-con e-parent\" data-id=\"b8ab944\" data-element_type=\"container\">\n\t\t\t\t\t<div class=\"e-con-inner\">\n\t\t\t\t<div class=\"elementor-element elementor-element-2ae3019 elementor-widget elementor-widget-heading\" data-id=\"2ae3019\" data-element_type=\"widget\" data-widget_type=\"heading.default\">\n\t\t\t\t<div class=\"elementor-widget-container\">\n\t\t\t\t\t<h2 class=\"elementor-heading-title elementor-size-default\">Aur\u00e9lie, votre Home Organiser<\/h2>\t\t\t\t<\/div>\n\t\t\t\t<\/div>\n\t\t\t\t<div class=\"elementor-element elementor-element-99d743b elementor-widget-divider--view-line elementor-widget elementor-widget-divider\" data-id=\"99d743b\" data-element_type=\"widget\" data-widget_type=\"divider.default\">\n\t\t\t\t<div class=\"elementor-widget-container\">\n\t\t\t\t\t\t\t<div class=\"elementor-divider\">\n\t\t\t<span class=\"elementor-divider-separator\">\n\t\t\t\t\t\t<\/span>\n\t\t<\/div>\n\t\t\t\t\t\t<\/div>\n\t\t\t\t<\/div>\n\t\t\t\t<div class=\"elementor-element elementor-element-92ac81d elementor-widget elementor-widget-image\" data-id=\"92ac81d\" data-element_type=\"widget\" data-widget_type=\"image.default\">\n\t\t\t\t<div class=\"elementor-widget-container\">\n\t\t\t\t\t\t\t\t\t\t\t\t\t\t\t<img fetchpriority=\"high\" decoding=\"async\" width=\"225\" height=\"300\" src=\"https:\/\/welldhome.fr\/wp-content\/uploads\/2025\/03\/aurelie-pdp-225x300.jpg\" class=\"attachment-medium size-medium wp-image-3579\" alt=\"\" srcset=\"https:\/\/welldhome.fr\/wp-content\/uploads\/2025\/03\/aurelie-pdp-225x300.jpg 225w, https:\/\/welldhome.fr\/wp-content\/uploads\/2025\/03\/aurelie-pdp-768x1024.jpg 768w, https:\/\/welldhome.fr\/wp-content\/uploads\/2025\/03\/aurelie-pdp-1152x1536.jpg 1152w, https:\/\/welldhome.fr\/wp-content\/uploads\/2025\/03\/aurelie-pdp-1536x2048.jpg 1536w, https:\/\/welldhome.fr\/wp-content\/uploads\/2025\/03\/aurelie-pdp-scaled.jpg 1920w\" sizes=\"(max-width: 225px) 100vw, 225px\" \/>\t\t\t\t\t\t\t\t\t\t\t\t\t\t\t<\/div>\n\t\t\t\t<\/div>\n\t\t\t\t<div class=\"elementor-element elementor-element-653587a elementor-widget elementor-widget-text-editor\" data-id=\"653587a\" data-element_type=\"widget\" data-widget_type=\"text-editor.default\">\n\t\t\t\t<div class=\"elementor-widget-container\">\n\t\t\t\t\t\t\t\t\t<p>Passionn\u00e9e d&rsquo;organisation et de bien-\u00eatre, je vous accompagne avec douceur et professionnalisme dans votre projet de d\u00e9sencombrement.<\/p><p>Apr\u00e8s 10 ans pass\u00e9s dans le monde de l&rsquo;assistanat et de la gestion administrative, j&rsquo;ai d\u00e9cid\u00e9 de mettre mes comp\u00e9tences au service de votre bien-\u00eatre. Gr\u00e2ce \u00e0 mon exp\u00e9rience et \u00e0 ma formation aupr\u00e8s de la f\u00e9e du tri, je vous accompagne dans l&rsquo;organisation de votre espace de vie pour un quotidien plus serein.<\/p><p>Que vous souhaitiez optimiser vos rangements, classer vos papiers ou simplement d\u00e9sencombrer et cr\u00e9er un espace de vie plus harmonieux, je vous apporte des solutions personnalis\u00e9es et adapt\u00e9es \u00e0 vos besoins.<\/p><p>Gr\u00e2ce \u00e0 mon expertise et \u00e0 mon \u00e9coute active, je vous aiderai \u00e0 cr\u00e9er un int\u00e9rieur fonctionnel et esth\u00e9tique, adapt\u00e9 \u00e0 votre mode de vie.<\/p>\t\t\t\t\t\t\t\t<\/div>\n\t\t\t\t<\/div>\n\t\t\t\t<div class=\"elementor-element elementor-element-b052a53 wpr-button-icon-style-inline wpr-button-icon-position-right elementor-widget elementor-widget-wpr-button\" data-id=\"b052a53\" data-element_type=\"widget\" data-widget_type=\"wpr-button.default\">\n\t\t\t\t<div class=\"elementor-widget-container\">\n\t\t\t\t\t\t\n\t\t\t\n\t\t\n\t\t<div class=\"wpr-button-wrap elementor-clearfix\">\n\t\t<a class=\"wpr-button wpr-button-effect wpr-button-none\" data-text=\"Go\" href=\"https:\/\/welldhome.fr\/?page_id=2222\">\n\t\t\t\n\t\t\t<span class=\"wpr-button-content\">\n\t\t\t\t\t\t\t\t\t<span class=\"wpr-button-text\">Me contacter<\/span>\n\t\t\t\t\t\t\t\t\n\t\t\t\t\t\t\t<\/span>\n\t\t<\/a>\n\n\t\t\t\t<\/div>\n\t\n\t\n\t\t\t\t\t<\/div>\n\t\t\t\t<\/div>\n\t\t\t\t\t<\/div>\n\t\t\t\t<\/div>\n\t\t\t\t<section class=\"elementor-section elementor-top-section elementor-element elementor-element-cec6dda elementor-section-boxed elementor-section-height-default elementor-section-height-default wpr-particle-no wpr-jarallax-no wpr-parallax-no wpr-sticky-section-no\" data-id=\"cec6dda\" data-element_type=\"section\">\n\t\t\t\t\t\t<div class=\"elementor-container elementor-column-gap-wide\">\n\t\t\t\t\t<div class=\"elementor-column elementor-col-50 elementor-top-column elementor-element elementor-element-97ba466\" data-id=\"97ba466\" data-element_type=\"column\">\n\t\t\t<div class=\"elementor-widget-wrap elementor-element-populated\">\n\t\t\t\t\t\t<div class=\"elementor-element elementor-element-28a8953 wpr-promo-box-style-cover elementor-widget elementor-widget-wpr-promo-box\" data-id=\"28a8953\" data-element_type=\"widget\" data-widget_type=\"wpr-promo-box.default\">\n\t\t\t\t<div class=\"elementor-widget-container\">\n\t\t\t\t\t\n\t\t<div class=\"wpr-promo-box wpr-animation-wrap\">\n\n\t\t\t\t\t\t\t\n\t\t\t\t\t\t\t<div class=\"wpr-promo-box-image\">\n\t\t\t\t\t<div class=\"wpr-promo-box-bg-image wpr-bg-anim-zoom-in wpr-anim-timing-ease-default\" style=\"background-image:url(https:\/\/welldhome.fr\/wp-content\/uploads\/2024\/07\/rangement-vetements.jpg);\"><\/div>\n\t\t\t\t\t<div class=\"wpr-promo-box-bg-overlay wpr-border-anim-oscar\"><\/div>\n\t\t\t\t<\/div>\n\t\t\t\t\t\t\n\t\t\t<div class=\"wpr-promo-box-content\">\n\n\t\t\t\t\t\t\t\t<div class=\"wpr-promo-box-icon\">\n\t\t\t\t\t\t\t\t\t<\/div>\n\t\t\t\t\n\t\t\t\t<h3 class=\"wpr-promo-box-title\"><span>Une envie de changement ? <\/span><\/h3>\n\t\t\t\t\t\t\t\t\t<div class=\"wpr-promo-box-description\">\n\t\t\t\t\t\t<p><p>Je vous propose des solutions adapt\u00e9es \u00e0 vos besoins.\u00a0<\/p><\/p>\t\n\t\t\t\t\t<\/div>\t\t\t\t\t\t\n\t\t\t\t\n\t\t\t\t\t\t\t<\/div>\n\n\t\t\t\t\t<\/div>\n\n\t\t\t\t\t\t<\/div>\n\t\t\t\t<\/div>\n\t\t\t\t\t<\/div>\n\t\t<\/div>\n\t\t\t\t<div class=\"elementor-column elementor-col-50 elementor-top-column elementor-element elementor-element-faae8ab\" data-id=\"faae8ab\" data-element_type=\"column\">\n\t\t\t<div class=\"elementor-widget-wrap elementor-element-populated\">\n\t\t\t\t\t\t<div class=\"elementor-element elementor-element-0b3a231 elementor-widget-divider--view-line elementor-widget elementor-widget-divider\" data-id=\"0b3a231\" data-element_type=\"widget\" data-widget_type=\"divider.default\">\n\t\t\t\t<div class=\"elementor-widget-container\">\n\t\t\t\t\t\t\t<div class=\"elementor-divider\">\n\t\t\t<span class=\"elementor-divider-separator\">\n\t\t\t\t\t\t<\/span>\n\t\t<\/div>\n\t\t\t\t\t\t<\/div>\n\t\t\t\t<\/div>\n\t\t\t\t<div class=\"elementor-element elementor-element-a9497ed elementor-widget elementor-widget-text-editor\" data-id=\"a9497ed\" data-element_type=\"widget\" data-widget_type=\"text-editor.default\">\n\t\t\t\t<div class=\"elementor-widget-container\">\n\t\t\t\t\t\t\t\t\t<p>Un petit rappel de mes prestations\u00a0<\/p>\t\t\t\t\t\t\t\t<\/div>\n\t\t\t\t<\/div>\n\t\t\t\t<div class=\"elementor-element elementor-element-4d73360 elementor-mobile-align-center elementor-icon-list--layout-traditional elementor-list-item-link-full_width elementor-widget elementor-widget-icon-list\" data-id=\"4d73360\" data-element_type=\"widget\" data-widget_type=\"icon-list.default\">\n\t\t\t\t<div class=\"elementor-widget-container\">\n\t\t\t\t\t\t\t<ul class=\"elementor-icon-list-items\">\n\t\t\t\t\t\t\t<li class=\"elementor-icon-list-item\">\n\t\t\t\t\t\t\t\t\t\t\t<span class=\"elementor-icon-list-icon\">\n\t\t\t\t\t\t\t<svg aria-hidden=\"true\" class=\"e-font-icon-svg e-fas-check\" viewBox=\"0 0 512 512\" xmlns=\"http:\/\/www.w3.org\/2000\/svg\"><path d=\"M173.898 439.404l-166.4-166.4c-9.997-9.997-9.997-26.206 0-36.204l36.203-36.204c9.997-9.998 26.207-9.998 36.204 0L192 312.69 432.095 72.596c9.997-9.997 26.207-9.997 36.204 0l36.203 36.204c9.997 9.997 9.997 26.206 0 36.204l-294.4 294.401c-9.998 9.997-26.207 9.997-36.204-.001z\"><\/path><\/svg>\t\t\t\t\t\t<\/span>\n\t\t\t\t\t\t\t\t\t\t<span class=\"elementor-icon-list-text\">Transformer votre int\u00e9rieur<\/span>\n\t\t\t\t\t\t\t\t\t<\/li>\n\t\t\t\t\t\t\t\t<li class=\"elementor-icon-list-item\">\n\t\t\t\t\t\t\t\t\t\t\t<span class=\"elementor-icon-list-icon\">\n\t\t\t\t\t\t\t<svg aria-hidden=\"true\" class=\"e-font-icon-svg e-fas-check\" viewBox=\"0 0 512 512\" xmlns=\"http:\/\/www.w3.org\/2000\/svg\"><path d=\"M173.898 439.404l-166.4-166.4c-9.997-9.997-9.997-26.206 0-36.204l36.203-36.204c9.997-9.998 26.207-9.998 36.204 0L192 312.69 432.095 72.596c9.997-9.997 26.207-9.997 36.204 0l36.203 36.204c9.997 9.997 9.997 26.206 0 36.204l-294.4 294.401c-9.998 9.997-26.207 9.997-36.204-.001z\"><\/path><\/svg>\t\t\t\t\t\t<\/span>\n\t\t\t\t\t\t\t\t\t\t<span class=\"elementor-icon-list-text\">Transition sereine<\/span>\n\t\t\t\t\t\t\t\t\t<\/li>\n\t\t\t\t\t\t\t\t<li class=\"elementor-icon-list-item\">\n\t\t\t\t\t\t\t\t\t\t\t<span class=\"elementor-icon-list-icon\">\n\t\t\t\t\t\t\t<svg aria-hidden=\"true\" class=\"e-font-icon-svg e-fas-check\" viewBox=\"0 0 512 512\" xmlns=\"http:\/\/www.w3.org\/2000\/svg\"><path d=\"M173.898 439.404l-166.4-166.4c-9.997-9.997-9.997-26.206 0-36.204l36.203-36.204c9.997-9.998 26.207-9.998 36.204 0L192 312.69 432.095 72.596c9.997-9.997 26.207-9.997 36.204 0l36.203 36.204c9.997 9.997 9.997 26.206 0 36.204l-294.4 294.401c-9.998 9.997-26.207 9.997-36.204-.001z\"><\/path><\/svg>\t\t\t\t\t\t<\/span>\n\t\t\t\t\t\t\t\t\t\t<span class=\"elementor-icon-list-text\">Votre administratif simplifi\u00e9<\/span>\n\t\t\t\t\t\t\t\t\t<\/li>\n\t\t\t\t\t\t<\/ul>\n\t\t\t\t\t\t<\/div>\n\t\t\t\t<\/div>\n\t\t\t\t\t<\/div>\n\t\t<\/div>\n\t\t\t\t\t<\/div>\n\t\t<\/section>\n\t\t\t\t<\/div>\n\t\t","protected":false},"excerpt":{"rendered":"<p>Aur\u00e9lie, votre Home Organiser Passionn\u00e9e d&rsquo;organisation et de bien-\u00eatre, je vous accompagne avec douceur et professionnalisme dans votre projet de d\u00e9sencombrement. Apr\u00e8s 10 ans pass\u00e9s dans le monde de l&rsquo;assistanat et de la gestion administrative, j&rsquo;ai d\u00e9cid\u00e9 de mettre mes comp\u00e9tences au service de votre bien-\u00eatre. Gr\u00e2ce \u00e0 mon exp\u00e9rience et \u00e0 ma formation aupr\u00e8s de la f\u00e9e du tri, je vous accompagne dans l&rsquo;organisation de votre espace de vie pour un quotidien plus serein. Que vous souhaitiez optimiser vos rangements, classer vos papiers ou simplement d\u00e9sencombrer et cr\u00e9er un espace de vie plus harmonieux, je vous apporte des solutions personnalis\u00e9es et adapt\u00e9es \u00e0 vos besoins. Gr\u00e2ce \u00e0 mon expertise et \u00e0 mon \u00e9coute active, je vous aiderai \u00e0 cr\u00e9er un int\u00e9rieur fonctionnel et esth\u00e9tique, adapt\u00e9 \u00e0 votre mode de vie. Me contacter Une envie de changement ? Je vous propose des solutions adapt\u00e9es \u00e0 vos besoins.\u00a0 Un petit rappel de mes prestations\u00a0 Transformer votre int\u00e9rieur Transition sereine Votre administratif simplifi\u00e9<\/p>\n","protected":false},"author":1,"featured_media":0,"parent":0,"menu_order":0,"comment_status":"closed","ping_status":"closed","template":"elementor_canvas","meta":{"footnotes":""},"yoast_head":"<!-- This site is optimized with the Yoast SEO plugin v24.1 - https:\/\/yoast.com\/wordpress\/plugins\/seo\/ -->\n<title>About Us - Well d&#039;home<\/title>\n<meta name=\"robots\" content=\"index, follow, max-snippet:-1, max-image-preview:large, max-video-preview:-1\" \/>\n<link rel=\"canonical\" href=\"https:\/\/welldhome.fr\/?page_id=2220\" \/>\n<meta property=\"og:locale\" content=\"fr_FR\" \/>\n<meta property=\"og:type\" content=\"article\" \/>\n<meta property=\"og:title\" content=\"About Us - Well d&#039;home\" \/>\n<meta property=\"og:description\" content=\"Aur\u00e9lie, votre Home Organiser Passionn\u00e9e d&rsquo;organisation et de bien-\u00eatre, je vous accompagne avec douceur et professionnalisme dans votre projet de d\u00e9sencombrement. Apr\u00e8s 10 ans pass\u00e9s dans le monde de l&rsquo;assistanat et de la gestion administrative, j&rsquo;ai d\u00e9cid\u00e9 de mettre mes comp\u00e9tences au service de votre bien-\u00eatre. Gr\u00e2ce \u00e0 mon exp\u00e9rience et \u00e0 ma formation aupr\u00e8s de la f\u00e9e du tri, je vous accompagne dans l&rsquo;organisation de votre espace de vie pour un quotidien plus serein. Que vous souhaitiez optimiser vos rangements, classer vos papiers ou simplement d\u00e9sencombrer et cr\u00e9er un espace de vie plus harmonieux, je vous apporte des solutions personnalis\u00e9es et adapt\u00e9es \u00e0 vos besoins. Gr\u00e2ce \u00e0 mon expertise et \u00e0 mon \u00e9coute active, je vous aiderai \u00e0 cr\u00e9er un int\u00e9rieur fonctionnel et esth\u00e9tique, adapt\u00e9 \u00e0 votre mode de vie. Me contacter Une envie de changement ? Je vous propose des solutions adapt\u00e9es \u00e0 vos besoins.\u00a0 Un petit rappel de mes prestations\u00a0 Transformer votre int\u00e9rieur Transition sereine Votre administratif simplifi\u00e9\" \/>\n<meta property=\"og:url\" content=\"https:\/\/welldhome.fr\/?page_id=2220\" \/>\n<meta property=\"og:site_name\" content=\"Well d&#039;home\" \/>\n<meta property=\"article:modified_time\" content=\"2025-03-08T09:45:37+00:00\" \/>\n<meta property=\"og:image\" content=\"https:\/\/welldhome.fr\/wp-content\/uploads\/2025\/03\/aurelie-pdp-scaled.jpg\" \/>\n\t<meta property=\"og:image:width\" content=\"1920\" \/>\n\t<meta property=\"og:image:height\" content=\"2560\" \/>\n\t<meta property=\"og:image:type\" content=\"image\/jpeg\" \/>\n<meta name=\"twitter:card\" content=\"summary_large_image\" \/>\n<meta name=\"twitter:label1\" content=\"Dur\u00e9e de lecture estim\u00e9e\" \/>\n\t<meta name=\"twitter:data1\" content=\"2 minutes\" \/>\n<script type=\"application\/ld+json\" class=\"yoast-schema-graph\">{\"@context\":\"https:\/\/schema.org\",\"@graph\":[{\"@type\":\"WebPage\",\"@id\":\"https:\/\/welldhome.fr\/?page_id=2220\",\"url\":\"https:\/\/welldhome.fr\/?page_id=2220\",\"name\":\"About Us - Well d&#039;home\",\"isPartOf\":{\"@id\":\"https:\/\/welldhome.fr\/#website\"},\"primaryImageOfPage\":{\"@id\":\"https:\/\/welldhome.fr\/?page_id=2220#primaryimage\"},\"image\":{\"@id\":\"https:\/\/welldhome.fr\/?page_id=2220#primaryimage\"},\"thumbnailUrl\":\"http:\/\/welldhome.fr\/wp-content\/uploads\/2025\/03\/aurelie-pdp-225x300.jpg\",\"datePublished\":\"2021-12-23T11:14:58+00:00\",\"dateModified\":\"2025-03-08T09:45:37+00:00\",\"breadcrumb\":{\"@id\":\"https:\/\/welldhome.fr\/?page_id=2220#breadcrumb\"},\"inLanguage\":\"fr-FR\",\"potentialAction\":[{\"@type\":\"ReadAction\",\"target\":[\"https:\/\/welldhome.fr\/?page_id=2220\"]}]},{\"@type\":\"ImageObject\",\"inLanguage\":\"fr-FR\",\"@id\":\"https:\/\/welldhome.fr\/?page_id=2220#primaryimage\",\"url\":\"https:\/\/welldhome.fr\/wp-content\/uploads\/2025\/03\/aurelie-pdp-scaled.jpg\",\"contentUrl\":\"https:\/\/welldhome.fr\/wp-content\/uploads\/2025\/03\/aurelie-pdp-scaled.jpg\",\"width\":1920,\"height\":2560},{\"@type\":\"BreadcrumbList\",\"@id\":\"https:\/\/welldhome.fr\/?page_id=2220#breadcrumb\",\"itemListElement\":[{\"@type\":\"ListItem\",\"position\":1,\"name\":\"Accueil\",\"item\":\"https:\/\/welldhome.fr\/\"},{\"@type\":\"ListItem\",\"position\":2,\"name\":\"About Us\"}]},{\"@type\":\"WebSite\",\"@id\":\"https:\/\/welldhome.fr\/#website\",\"url\":\"https:\/\/welldhome.fr\/\",\"name\":\"Well d&#039;home\",\"description\":\"Mieux trier, s&#039;organiser, se r\u00e9inventer\",\"publisher\":{\"@id\":\"https:\/\/welldhome.fr\/#organization\"},\"potentialAction\":[{\"@type\":\"SearchAction\",\"target\":{\"@type\":\"EntryPoint\",\"urlTemplate\":\"https:\/\/welldhome.fr\/?s={search_term_string}\"},\"query-input\":{\"@type\":\"PropertyValueSpecification\",\"valueRequired\":true,\"valueName\":\"search_term_string\"}}],\"inLanguage\":\"fr-FR\"},{\"@type\":\"Organization\",\"@id\":\"https:\/\/welldhome.fr\/#organization\",\"name\":\"Well d&#039;home\",\"url\":\"https:\/\/welldhome.fr\/\",\"logo\":{\"@type\":\"ImageObject\",\"inLanguage\":\"fr-FR\",\"@id\":\"https:\/\/welldhome.fr\/#\/schema\/logo\/image\/\",\"url\":\"https:\/\/welldhome.fr\/wp-content\/uploads\/2024\/07\/cropped-Welldhome.png\",\"contentUrl\":\"https:\/\/welldhome.fr\/wp-content\/uploads\/2024\/07\/cropped-Welldhome.png\",\"width\":320,\"height\":256,\"caption\":\"Well d&#039;home\"},\"image\":{\"@id\":\"https:\/\/welldhome.fr\/#\/schema\/logo\/image\/\"}}]}<\/script>\n<!-- \/ Yoast SEO plugin. -->","yoast_head_json":{"title":"About Us - Well d&#039;home","robots":{"index":"index","follow":"follow","max-snippet":"max-snippet:-1","max-image-preview":"max-image-preview:large","max-video-preview":"max-video-preview:-1"},"canonical":"https:\/\/welldhome.fr\/?page_id=2220","og_locale":"fr_FR","og_type":"article","og_title":"About Us - Well d&#039;home","og_description":"Aur\u00e9lie, votre Home Organiser Passionn\u00e9e d&rsquo;organisation et de bien-\u00eatre, je vous accompagne avec douceur et professionnalisme dans votre projet de d\u00e9sencombrement. Apr\u00e8s 10 ans pass\u00e9s dans le monde de l&rsquo;assistanat et de la gestion administrative, j&rsquo;ai d\u00e9cid\u00e9 de mettre mes comp\u00e9tences au service de votre bien-\u00eatre. Gr\u00e2ce \u00e0 mon exp\u00e9rience et \u00e0 ma formation aupr\u00e8s de la f\u00e9e du tri, je vous accompagne dans l&rsquo;organisation de votre espace de vie pour un quotidien plus serein. Que vous souhaitiez optimiser vos rangements, classer vos papiers ou simplement d\u00e9sencombrer et cr\u00e9er un espace de vie plus harmonieux, je vous apporte des solutions personnalis\u00e9es et adapt\u00e9es \u00e0 vos besoins. Gr\u00e2ce \u00e0 mon expertise et \u00e0 mon \u00e9coute active, je vous aiderai \u00e0 cr\u00e9er un int\u00e9rieur fonctionnel et esth\u00e9tique, adapt\u00e9 \u00e0 votre mode de vie. Me contacter Une envie de changement ? Je vous propose des solutions adapt\u00e9es \u00e0 vos besoins.\u00a0 Un petit rappel de mes prestations\u00a0 Transformer votre int\u00e9rieur Transition sereine Votre administratif simplifi\u00e9","og_url":"https:\/\/welldhome.fr\/?page_id=2220","og_site_name":"Well d&#039;home","article_modified_time":"2025-03-08T09:45:37+00:00","og_image":[{"width":1920,"height":2560,"url":"https:\/\/welldhome.fr\/wp-content\/uploads\/2025\/03\/aurelie-pdp-scaled.jpg","type":"image\/jpeg"}],"twitter_card":"summary_large_image","twitter_misc":{"Dur\u00e9e de lecture estim\u00e9e":"2 minutes"},"schema":{"@context":"https:\/\/schema.org","@graph":[{"@type":"WebPage","@id":"https:\/\/welldhome.fr\/?page_id=2220","url":"https:\/\/welldhome.fr\/?page_id=2220","name":"About Us - Well d&#039;home","isPartOf":{"@id":"https:\/\/welldhome.fr\/#website"},"primaryImageOfPage":{"@id":"https:\/\/welldhome.fr\/?page_id=2220#primaryimage"},"image":{"@id":"https:\/\/welldhome.fr\/?page_id=2220#primaryimage"},"thumbnailUrl":"http:\/\/welldhome.fr\/wp-content\/uploads\/2025\/03\/aurelie-pdp-225x300.jpg","datePublished":"2021-12-23T11:14:58+00:00","dateModified":"2025-03-08T09:45:37+00:00","breadcrumb":{"@id":"https:\/\/welldhome.fr\/?page_id=2220#breadcrumb"},"inLanguage":"fr-FR","potentialAction":[{"@type":"ReadAction","target":["https:\/\/welldhome.fr\/?page_id=2220"]}]},{"@type":"ImageObject","inLanguage":"fr-FR","@id":"https:\/\/welldhome.fr\/?page_id=2220#primaryimage","url":"https:\/\/welldhome.fr\/wp-content\/uploads\/2025\/03\/aurelie-pdp-scaled.jpg","contentUrl":"https:\/\/welldhome.fr\/wp-content\/uploads\/2025\/03\/aurelie-pdp-scaled.jpg","width":1920,"height":2560},{"@type":"BreadcrumbList","@id":"https:\/\/welldhome.fr\/?page_id=2220#breadcrumb","itemListElement":[{"@type":"ListItem","position":1,"name":"Accueil","item":"https:\/\/welldhome.fr\/"},{"@type":"ListItem","position":2,"name":"About Us"}]},{"@type":"WebSite","@id":"https:\/\/welldhome.fr\/#website","url":"https:\/\/welldhome.fr\/","name":"Well d&#039;home","description":"Mieux trier, s&#039;organiser, se r\u00e9inventer","publisher":{"@id":"https:\/\/welldhome.fr\/#organization"},"potentialAction":[{"@type":"SearchAction","target":{"@type":"EntryPoint","urlTemplate":"https:\/\/welldhome.fr\/?s={search_term_string}"},"query-input":{"@type":"PropertyValueSpecification","valueRequired":true,"valueName":"search_term_string"}}],"inLanguage":"fr-FR"},{"@type":"Organization","@id":"https:\/\/welldhome.fr\/#organization","name":"Well d&#039;home","url":"https:\/\/welldhome.fr\/","logo":{"@type":"ImageObject","inLanguage":"fr-FR","@id":"https:\/\/welldhome.fr\/#\/schema\/logo\/image\/","url":"https:\/\/welldhome.fr\/wp-content\/uploads\/2024\/07\/cropped-Welldhome.png","contentUrl":"https:\/\/welldhome.fr\/wp-content\/uploads\/2024\/07\/cropped-Welldhome.png","width":320,"height":256,"caption":"Well d&#039;home"},"image":{"@id":"https:\/\/welldhome.fr\/#\/schema\/logo\/image\/"}}]}},"_links":{"self":[{"href":"https:\/\/welldhome.fr\/index.php?rest_route=\/wp\/v2\/pages\/2220"}],"collection":[{"href":"https:\/\/welldhome.fr\/index.php?rest_route=\/wp\/v2\/pages"}],"about":[{"href":"https:\/\/welldhome.fr\/index.php?rest_route=\/wp\/v2\/types\/page"}],"author":[{"embeddable":true,"href":"https:\/\/welldhome.fr\/index.php?rest_route=\/wp\/v2\/users\/1"}],"replies":[{"embeddable":true,"href":"https:\/\/welldhome.fr\/index.php?rest_route=%2Fwp%2Fv2%2Fcomments&post=2220"}],"version-history":[{"count":180,"href":"https:\/\/welldhome.fr\/index.php?rest_route=\/wp\/v2\/pages\/2220\/revisions"}],"predecessor-version":[{"id":3597,"href":"https:\/\/welldhome.fr\/index.php?rest_route=\/wp\/v2\/pages\/2220\/revisions\/3597"}],"wp:attachment":[{"href":"https:\/\/welldhome.fr\/index.php?rest_route=%2Fwp%2Fv2%2Fmedia&parent=2220"}],"curies":[{"name":"wp","href":"https:\/\/api.w.org\/{rel}","templated":true}]}}